{"id":91311,"date":"2023-09-14T04:06:04","date_gmt":"2023-09-14T04:06:04","guid":{"rendered":"https:\/\/themes.diviplus.io\/electronics-store\/?page_id=18"},"modified":"2024-12-31T14:12:02","modified_gmt":"2024-12-31T19:12:02","slug":"a-propos","status":"publish","type":"page","link":"https:\/\/3dprintscanada.com\/en\/a-propos\/","title":{"rendered":"About us"},"content":{"rendered":"<p>[et_pb_section fb_built=&#8221;1&#8243; custom_padding_last_edited=&#8221;on|phone&#8221; _builder_version=&#8221;4.22.2&#8243; _module_preset=&#8221;default&#8221; use_background_color_gradient=&#8221;on&#8221; background_color_gradient_direction=&#8221;124deg&#8221; background_color_gradient_stops=&#8221;rgba(255,255,255,0) 0%|#ffc21f 100%&#8221; background_image=&#8221;https:\/\/3dprintscanada.com\/wp-content\/uploads\/2024\/10\/dpes-bg-hero-section.webp&#8221; background_position=&#8221;bottom_center&#8221; custom_padding=&#8221;0px||0px||true|false&#8221; custom_padding_tablet=&#8221;40px||40px||true|false&#8221; custom_padding_phone=&#8221;30px||30px||true|false&#8221; locked=&#8221;off&#8221; global_colors_info=&#8221;{}&#8221;][et_pb_row _builder_version=&#8221;4.27.2&#8243; _module_preset=&#8221;default&#8221; custom_padding=&#8221;0px|||||&#8221; global_colors_info=&#8221;{}&#8221;][et_pb_column type=&#8221;4_4&#8243; _builder_version=&#8221;4.27.2&#8243; _module_preset=&#8221;default&#8221; global_colors_info=&#8221;{}&#8221;][et_pb_image src=&#8221;https:\/\/3dprintscanada.com\/wp-content\/uploads\/2023\/08\/1920&#215;300-banner-2.png&#8221; alt=&#8221;Logo 3D Prints Canada &#8211; Impression 3D Qu\u00e9bec. Leading supplier of 3D Printing filament in Canada! Fournisseur d&#8217;excellence pour le filament d&#8217;impression 3D au Canada!&#8221; title_text=&#8221;1920&#215;300-banner-2&#8243; align=&#8221;center&#8221; _builder_version=&#8221;4.27.2&#8243; _module_preset=&#8221;default&#8221; width=&#8221;71%&#8221; custom_margin=&#8221;-70px||-70px||false|false&#8221; global_colors_info=&#8221;{}&#8221;][\/et_pb_image][\/et_pb_column][\/et_pb_row][et_pb_row use_custom_gutter=&#8221;on&#8221; gutter_width=&#8221;1&#8243; _builder_version=&#8221;4.27.2&#8243; _module_preset=&#8221;default&#8221; width=&#8221;100%&#8221; max_width=&#8221;1300px&#8221; custom_margin=&#8221;-40px||||false|false&#8221; custom_padding=&#8221;0px||0px||true|false&#8221; custom_css_main_element=&#8221;display: flex;||align-items: center;&#8221; global_colors_info=&#8221;{}&#8221; custom_css_main_element_last_edited=&#8221;on|tablet&#8221; custom_css_main_element_tablet=&#8221;display: flex;||flex-wrap: wrap;&#8221; custom_css_main_element_phone=&#8221;display: flex;||flex-wrap: wrap;&#8221;][et_pb_column type=&#8221;4_4&#8243; _builder_version=&#8221;4.22.1&#8243; _module_preset=&#8221;default&#8221; global_colors_info=&#8221;{}&#8221;][et_pb_text _builder_version=&#8221;4.27.2&#8243; _module_preset=&#8221;default&#8221; header_font=&#8221;Montserrat|700|||||||&#8221; header_text_color=&#8221;#000000&#8243; header_font_size=&#8221;46px&#8221; header_line_height=&#8221;1.3em&#8221; header_font_size_tablet=&#8221;36px&#8221; header_font_size_phone=&#8221;30px&#8221; header_font_size_last_edited=&#8221;on|desktop&#8221; global_colors_info=&#8221;{}&#8221;]<\/p>\n<h1>\u00c0 propos<\/h1>\n<p>[\/et_pb_text][et_pb_text _builder_version=&#8221;4.27.4&#8243; _module_preset=&#8221;default&#8221; text_font=&#8221;Montserrat|500|||||||&#8221; text_font_size=&#8221;18px&#8221; hover_enabled=&#8221;0&#8243; text_font_size_tablet=&#8221;16px&#8221; text_font_size_phone=&#8221;16px&#8221; text_font_size_last_edited=&#8221;on|phone&#8221; global_colors_info=&#8221;{}&#8221; sticky_enabled=&#8221;0&#8243;]<\/p>\n<p style=\"text-align: justify;\">Depuis 2003, nous offrons des services de support informatique sous le nom Laflamme Informatique. En 2020, nous avons refondu la compagnie sous 3D PRINTS CANADA INC. et, au Qu\u00e9bec, sous IMPRESSION 3D QU\u00c9BEC, car depuis 2017 nous sommes grandement impliqu\u00e9s dans la production de prototypes et d\u2019objets cr\u00e9\u00e9s par impression 3D ainsi que dans la vente de filament d\u2019impression 3D. Depuis plus de 25 ans, nous avons \u00e0 c\u0153ur l\u2019accompagnement et la qualit\u00e9 du service offert \u00e0 nos clients. Contactez-nous et vous sentirez la diff\u00e9rence!<\/p>\n<p style=\"text-align: justify;\">Nous sommes au services des particuliers et des entreprises dans la grande r\u00e9gion de Qu\u00e9bec (Beauport, Boischatel, \u00cele d\u2019Orl\u00e9ans, Lac Saint-Charles, Stoneham-et-Tewkesbury, Lac-Delage, Saint-Adolphe, Wendake, Valcartier, Shannon, Sainte-Catherine-de-la-Jacques-Cartier, Saint-Raymond, Lac Saint-Joseph, Fossambault, L\u00e9vis, Montr\u00e9al, etc.), du Canada et partout autour du Globe. N\u2019h\u00e9sitez pas \u00e0<span>\u00a0<\/span><span class=\"palette-color1-3\">nous\u00a0<a title=\"3D Prints Canada - Contact Page\" href=\"https:\/\/3dprintscanada.com\/contact\/\" target=\"_blank\" rel=\"noopener\">contacter<\/a>\u00a0au 418-572-1756,\u00a0<a href=\"mailto:info@3dprintscanada.com\">info@3dprintscanada.com<\/a><\/span><\/p>\n<p>[\/et_pb_text][\/et_pb_column][\/et_pb_row][\/et_pb_section][et_pb_section fb_built=&#8221;1&#8243; _builder_version=&#8221;4.22.2&#8243; _module_preset=&#8221;default&#8221; background_enable_image=&#8221;off&#8221; custom_padding=&#8221;||0px||false|false&#8221; global_colors_info=&#8221;{}&#8221;][et_pb_row column_structure=&#8221;1_2,1_2&#8243; make_equal=&#8221;on&#8221; _builder_version=&#8221;4.27.2&#8243; _module_preset=&#8221;default&#8221; width=&#8221;100%&#8221; max_width=&#8221;1300px&#8221; custom_padding=&#8221;0px||0px||true|false&#8221; custom_css_main_element=&#8221;display: flex;||align-items: center;&#8221; global_colors_info=&#8221;{}&#8221; custom_css_main_element_last_edited=&#8221;on|tablet&#8221; custom_css_main_element_tablet=&#8221;display: flex;||flex-wrap: wrap;&#8221; custom_css_main_element_phone=&#8221;display: flex;||flex-wrap: wrap;&#8221;][et_pb_column type=&#8221;1_2&#8243; _builder_version=&#8221;4.19.0&#8243; _module_preset=&#8221;default&#8221; global_colors_info=&#8221;{}&#8221;][et_pb_image src=&#8221;https:\/\/3dprintscanada.com\/wp-content\/uploads\/2024\/10\/ccf4d25f5b3f90cd87ebcc56c2f3f489674a8328_square3032373_1_a21f07e6-ed4d-421d-88df-1f705bbc500d_1000x.webp&#8221; title_text=&#8221;ccf4d25f5b3f90cd87ebcc56c2f3f489674a8328_square3032373_1_a21f07e6-ed4d-421d-88df-1f705bbc500d_1000x&#8221; _builder_version=&#8221;4.27.2&#8243; _module_preset=&#8221;default&#8221; border_radii=&#8221;on|20px|20px|20px|20px&#8221; global_colors_info=&#8221;{}&#8221;][\/et_pb_image][\/et_pb_column][et_pb_column type=&#8221;1_2&#8243; _builder_version=&#8221;4.19.0&#8243; _module_preset=&#8221;default&#8221; global_colors_info=&#8221;{}&#8221;][et_pb_text _builder_version=&#8221;4.27.2&#8243; _module_preset=&#8221;default&#8221; header_2_font=&#8221;Montserrat||||||||&#8221; header_2_font_size=&#8221;35px&#8221; header_2_line_height=&#8221;1.3em&#8221; custom_margin=&#8221;||15px||false|false&#8221; header_2_font_size_tablet=&#8221;32px&#8221; header_2_font_size_phone=&#8221;26px&#8221; header_2_font_size_last_edited=&#8221;on|phone&#8221; locked=&#8221;off&#8221; global_colors_info=&#8221;{}&#8221;]<\/p>\n<h2 class=\"elementor-heading-title elementor-size-default\">IMPRESSION 3D<\/h2>\n<p>[\/et_pb_text][et_pb_text _builder_version=&#8221;4.27.4&#8243; _module_preset=&#8221;default&#8221; text_letter_spacing=&#8221;0.8px&#8221; width_phone=&#8221;100%&#8221; width_last_edited=&#8221;off|desktop&#8221; module_alignment=&#8221;center&#8221; hover_enabled=&#8221;0&#8243; global_colors_info=&#8221;{}&#8221; sticky_enabled=&#8221;0&#8243;]<\/p>\n<p style=\"text-align: justify;\"><span class=\"palette-color1-3\">Que votre projet soit de petite ou de grande envergure, nous vous conseillerons et vous accompagnerons dans le d\u00e9veloppement de votre projet, o\u00f9 que vous soyez au Canada ou sur le Globe et \u00e0 tarif tr\u00e8s comp\u00e9titif!<\/span><\/p>\n<p style=\"text-align: justify;\"><span id=\"p19\">Nous avons plusieurs mod\u00e8les de pi\u00e8ces imprim\u00e9es 3D que nous avons cr\u00e9\u00e9es de toute pi\u00e8ce et que nous pouvons imprimer dans la couleur et dans le mat\u00e9riel de votre choix. Il y a aussi l\u2019option de faire une demande sp\u00e9ciale pour copier ou cr\u00e9er votre pi\u00e8ce 3D \u00e0 partir de z\u00e9ro ou imprimer les mod\u00e8les sur<span>\u00a0<\/span><span id=\"22\" class=\"s-rg\">THINGIVERSE<\/span>.<\/span><span id=\"p20\"><span id=\"23\" class=\"s-bl\">COM<\/span>.<\/span><a href=\"https:\/\/3dprintscanada.com\/admin\/login\/monandrousquadrival.php\"><\/a><\/p>\n<p style=\"text-align: justify;\">Donc, si le mod\u00e8le de pi\u00e8ces imprim\u00e9es 3D que vous cherchez n\u2019est pas list\u00e9 ici, n\u2019h\u00e9sitez pas \u00e0 nous contacter \u00e0 propos de cela et nous allons l\u2019ajouter \u00e0 notre site ou nous pouvons \u00e9galement g\u00e9rer ceci directement avec vous au t\u00e9l\u00e9phone, par courriel, sms, etc.<\/p>\n<p>[\/et_pb_text][dipl_button _builder_version=&#8221;4.22.1&#8243; _module_preset=&#8221;default&#8221; global_colors_info=&#8221;{}&#8221;][\/dipl_button][\/et_pb_column][\/et_pb_row][\/et_pb_section][et_pb_section fb_built=&#8221;1&#8243; _builder_version=&#8221;4.22.2&#8243; _module_preset=&#8221;default&#8221; background_enable_image=&#8221;off&#8221; custom_padding=&#8221;||0px||false|false&#8221; global_colors_info=&#8221;{}&#8221;][et_pb_row column_structure=&#8221;1_2,1_2&#8243; make_equal=&#8221;on&#8221; _builder_version=&#8221;4.27.2&#8243; _module_preset=&#8221;default&#8221; width=&#8221;100%&#8221; max_width=&#8221;1300px&#8221; custom_padding=&#8221;0px||0px||true|false&#8221; custom_css_main_element=&#8221;display: flex;||align-items: center;&#8221; global_colors_info=&#8221;{}&#8221; custom_css_main_element_last_edited=&#8221;on|tablet&#8221; custom_css_main_element_tablet=&#8221;display: flex;||flex-wrap: wrap;&#8221; custom_css_main_element_phone=&#8221;display: flex;||flex-wrap: wrap;&#8221;][et_pb_column type=&#8221;1_2&#8243; _builder_version=&#8221;4.19.0&#8243; _module_preset=&#8221;default&#8221; global_colors_info=&#8221;{}&#8221;][et_pb_text _builder_version=&#8221;4.27.2&#8243; _module_preset=&#8221;default&#8221; header_2_font=&#8221;Montserrat||||||||&#8221; header_2_font_size=&#8221;35px&#8221; header_2_line_height=&#8221;1.3em&#8221; custom_margin=&#8221;||15px||false|false&#8221; header_2_font_size_tablet=&#8221;32px&#8221; header_2_font_size_phone=&#8221;26px&#8221; header_2_font_size_last_edited=&#8221;on|phone&#8221; locked=&#8221;off&#8221; global_colors_info=&#8221;{}&#8221;]<\/p>\n<h2 class=\"elementor-heading-title elementor-size-default\">\u00c0 PROPOS DU FILAMENT POUR IMPRIMANTE 3D<\/h2>\n<p>[\/et_pb_text][et_pb_text _builder_version=&#8221;4.27.4&#8243; _module_preset=&#8221;default&#8221; text_letter_spacing=&#8221;0.8px&#8221; width_phone=&#8221;100%&#8221; width_last_edited=&#8221;off|desktop&#8221; module_alignment=&#8221;center&#8221; hover_enabled=&#8221;0&#8243; global_colors_info=&#8221;{}&#8221; sticky_enabled=&#8221;0&#8243;]<\/p>\n<p style=\"text-align: justify;\">Nous vendons du filament 3D de qualit\u00e9 sup\u00e9rieure au Canada et aux \u00c9-U. a un meilleur prix que la comp\u00e9tition! Jetez un coup d\u2019oeil \u00e0 notre inventaire \u00e0:\u00a0\u00a0https:\/\/3dprintscanada.com et profitez de nos offre de livraison gratuite ou de livraison \u00e0 prix fixe!<\/p>\n<p style=\"text-align: justify;\">Chez impression 3D Qu\u00e9bec (3D prints canada inc.), nous visons l\u2019excellence! et pour arriver \u00e0 des impressions 3D de qualit\u00e9, l\u2019emploi de filament pour imprimantes 3D de qualit\u00e9 va de soi! et nous avons un vaste choix : PLA, PETG, ABS, TPU, PC, PA (NYLON), ASA, PVA, HPLA, HIPS!<\/p>\n<p style=\"text-align: justify;\">Nous vous offrons les meilleures options pour vos besoins en filament 3D, et aux meilleurs prix possibles!<\/p>\n<p style=\"text-align: justify;\">D\u00e9butants et avanc\u00e9es dans l\u2019impression 3D aimeront enlever un \u00e9l\u00e9ment de la liste des choses qui peuvent aller mal lors de l\u2019impression 3D : le filament!<\/p>\n<p>[\/et_pb_text][dipl_button _builder_version=&#8221;4.22.1&#8243; _module_preset=&#8221;default&#8221; global_colors_info=&#8221;{}&#8221;][\/dipl_button][\/et_pb_column][et_pb_column type=&#8221;1_2&#8243; _builder_version=&#8221;4.19.0&#8243; _module_preset=&#8221;default&#8221; global_colors_info=&#8221;{}&#8221;][et_pb_image src=&#8221;https:\/\/3dprintscanada.com\/wp-content\/uploads\/2023\/01\/3D_Prints_Canada_Dual_color_Blue_Green_3D_Filament-1.jpg&#8221; alt=&#8221;Hello3D is one of earth&#8217;s best 3D Printing filament! 3D Printer filament of High Quality in PLA, PETG, ABS and more at a reasonable price! Polychromatic Blue and green&#8221; title_text=&#8221;images&#8221; _builder_version=&#8221;4.27.2&#8243; _module_preset=&#8221;default&#8221; border_radii=&#8221;on|20px|20px|20px|20px&#8221; global_colors_info=&#8221;{}&#8221;][\/et_pb_image][\/et_pb_column][\/et_pb_row][\/et_pb_section][et_pb_section fb_built=&#8221;1&#8243; _builder_version=&#8221;4.22.2&#8243; _module_preset=&#8221;default&#8221; background_enable_image=&#8221;off&#8221; custom_padding=&#8221;||100px||false|false&#8221; global_colors_info=&#8221;{}&#8221;][et_pb_row column_structure=&#8221;1_2,1_2&#8243; make_equal=&#8221;on&#8221; _builder_version=&#8221;4.27.2&#8243; _module_preset=&#8221;default&#8221; width=&#8221;100%&#8221; max_width=&#8221;1300px&#8221; custom_padding=&#8221;0px||0px||true|false&#8221; custom_css_main_element=&#8221;display: flex;||align-items: center;&#8221; global_colors_info=&#8221;{}&#8221; custom_css_main_element_last_edited=&#8221;on|tablet&#8221; custom_css_main_element_tablet=&#8221;display: flex;||flex-wrap: wrap;&#8221; custom_css_main_element_phone=&#8221;display: flex;||flex-wrap: wrap;&#8221;][et_pb_column type=&#8221;1_2&#8243; _builder_version=&#8221;4.19.0&#8243; _module_preset=&#8221;default&#8221; global_colors_info=&#8221;{}&#8221;][et_pb_image src=&#8221;https:\/\/3dprintscanada.com\/wp-content\/uploads\/2024\/10\/000maintenance-informatique-1.png&#8221; alt=&#8221;Hello3D is one of earth&#8217;s best 3D Printing filament! 3D Printer filament of High Quality in PLA, PETG, ABS and more at a reasonable price! Polychromatic Blue and green&#8221; title_text=&#8221;000maintenance-informatique-1&#8243; _builder_version=&#8221;4.27.2&#8243; _module_preset=&#8221;default&#8221; border_radii=&#8221;on|20px|20px|20px|20px&#8221; global_colors_info=&#8221;{}&#8221;][\/et_pb_image][\/et_pb_column][et_pb_column type=&#8221;1_2&#8243; _builder_version=&#8221;4.19.0&#8243; _module_preset=&#8221;default&#8221; global_colors_info=&#8221;{}&#8221;][et_pb_text _builder_version=&#8221;4.27.2&#8243; _module_preset=&#8221;default&#8221; header_2_font=&#8221;Montserrat||||||||&#8221; header_2_font_size=&#8221;35px&#8221; header_2_line_height=&#8221;1.3em&#8221; custom_margin=&#8221;||15px||false|false&#8221; header_2_font_size_tablet=&#8221;32px&#8221; header_2_font_size_phone=&#8221;26px&#8221; header_2_font_size_last_edited=&#8221;on|phone&#8221; locked=&#8221;off&#8221; global_colors_info=&#8221;{}&#8221;]<\/p>\n<h2 class=\"elementor-heading-title elementor-size-default\">\u00c0 PROPOS DU FILAMENT POUR IMPRIMANTE 3D<\/h2>\n<p>[\/et_pb_text][et_pb_text _builder_version=&#8221;4.27.4&#8243; _module_preset=&#8221;default&#8221; text_letter_spacing=&#8221;0.8px&#8221; width_phone=&#8221;100%&#8221; width_last_edited=&#8221;off|desktop&#8221; module_alignment=&#8221;center&#8221; hover_enabled=&#8221;0&#8243; global_colors_info=&#8221;{}&#8221; sticky_enabled=&#8221;0&#8243;]<\/p>\n<p style=\"text-align: justify;\"><span class=\"palette-color1-3\">Nous sommes au service de toutes les marques d\u2019ordinateurs de bureau et d\u2019ordinateurs portables, dont Apple, Acer, Asus, Dell, HP, Lenovo, Samsung, Sony, et Toshiba, etc.<\/span><\/p>\n<p style=\"text-align: justify;\"><span class=\"palette-color1-3\">Vous pouvez apporter votre ordinateur\u00a0dans notre boutique pour des services imm\u00e9diats de maintenance et de r\u00e9paration, obtenir du support \u00e0 distance par branchement s\u00e9curis\u00e9 ou planifier un entretien chez vous avec l\u2019un de nos techniciens.<\/span><\/p>\n<p style=\"text-align: justify;\">\u00c9limination de virus et de logiciels espion, quel que soit le niveau de complexit\u00e9 des programmes malveillants qui se cachent dans votre ordinateur ou t\u00e9l\u00e9phone mobile, nous vous assurons l\u2019\u00e9limination compl\u00e8te de ceux-ci : Virus, Ran\u00e7ongiciel (d\u00e9cryptage de vos donn\u00e9es), Logiciels espions (Spyware), etc.<\/p>\n<p>[\/et_pb_text][dipl_button _builder_version=&#8221;4.22.1&#8243; _module_preset=&#8221;default&#8221; global_colors_info=&#8221;{}&#8221;][\/dipl_button][\/et_pb_column][\/et_pb_row][\/et_pb_section]<\/p>\n","protected":false},"excerpt":{"rendered":"<p>\u00c0 proposDepuis 2003, nous offrons des services de support informatique sous le nom Laflamme Informatique. En 2020, nous avons refondu la compagnie sous 3D PRINTS CANADA INC. et, au Qu\u00e9bec, sous IMPRESSION 3D QU\u00c9BEC, car depuis 2017 nous sommes grandement impliqu\u00e9s dans la production de prototypes et d\u2019objets cr\u00e9\u00e9s par impression 3D ainsi que dans [&hellip;]<\/p>\n","protected":false},"author":1,"featured_media":0,"parent":0,"menu_order":0,"comment_status":"closed","ping_status":"closed","template":"","meta":{"_et_pb_use_builder":"on","_et_pb_old_content":"","_et_gb_content_width":"","footnotes":""},"class_list":["post-91311","page","type-page","status-publish","hentry"],"yoast_head":"<!-- This site is optimized with the Yoast SEO plugin v27.3 - https:\/\/yoast.com\/product\/yoast-seo-wordpress\/ -->\n<title>\u00c0 propos - 3D PRINTS CANADA INC.<\/title>\n<meta name=\"description\" content=\"\u00c0 propos de nos services, nous offrons la vente d&#039;excellent filament d&#039;impression 3D, le design 3D ainsi que le support informatique.\" \/>\n<meta name=\"robots\" content=\"index, follow, max-snippet:-1, max-image-preview:large, max-video-preview:-1\" \/>\n<link rel=\"canonical\" href=\"https:\/\/3dprintscanada.com\/en\/a-propos\/\" \/>\n<meta property=\"og:locale\" content=\"en_US\" \/>\n<meta property=\"og:type\" content=\"article\" \/>\n<meta property=\"og:title\" content=\"\u00c0 propos - 3D PRINTS CANADA INC.\" \/>\n<meta property=\"og:description\" content=\"\u00c0 propos de nos services, nous offrons la vente d&#039;excellent filament d&#039;impression 3D, le design 3D ainsi que le support informatique.\" \/>\n<meta property=\"og:url\" content=\"https:\/\/3dprintscanada.com\/en\/a-propos\/\" \/>\n<meta property=\"og:site_name\" content=\"3D PRINTS CANADA INC.\" \/>\n<meta property=\"article:modified_time\" content=\"2024-12-31T19:12:02+00:00\" \/>\n<meta name=\"twitter:card\" content=\"summary_large_image\" \/>\n<meta name=\"twitter:label1\" content=\"Est. reading time\" \/>\n\t<meta name=\"twitter:data1\" content=\"4 minutes\" \/>\n<script type=\"application\/ld+json\" class=\"yoast-schema-graph\">{\"@context\":\"https:\\\/\\\/schema.org\",\"@graph\":[{\"@type\":\"WebPage\",\"@id\":\"https:\\\/\\\/3dprintscanada.com\\\/a-propos\\\/\",\"url\":\"https:\\\/\\\/3dprintscanada.com\\\/a-propos\\\/\",\"name\":\"\u00c0 propos - 3D PRINTS CANADA INC.\",\"isPartOf\":{\"@id\":\"https:\\\/\\\/3dprintscanada.com\\\/#website\"},\"datePublished\":\"2023-09-14T04:06:04+00:00\",\"dateModified\":\"2024-12-31T19:12:02+00:00\",\"description\":\"\u00c0 propos de nos services, nous offrons la vente d'excellent filament d'impression 3D, le design 3D ainsi que le support informatique.\",\"breadcrumb\":{\"@id\":\"https:\\\/\\\/3dprintscanada.com\\\/a-propos\\\/#breadcrumb\"},\"inLanguage\":\"en-CA\",\"potentialAction\":[{\"@type\":\"ReadAction\",\"target\":[\"https:\\\/\\\/3dprintscanada.com\\\/a-propos\\\/\"]}]},{\"@type\":\"BreadcrumbList\",\"@id\":\"https:\\\/\\\/3dprintscanada.com\\\/a-propos\\\/#breadcrumb\",\"itemListElement\":[{\"@type\":\"ListItem\",\"position\":1,\"name\":\"Accueil\",\"item\":\"https:\\\/\\\/3dprintscanada.com\\\/\"},{\"@type\":\"ListItem\",\"position\":2,\"name\":\"\u00c0 propos\"}]},{\"@type\":\"WebSite\",\"@id\":\"https:\\\/\\\/3dprintscanada.com\\\/#website\",\"url\":\"https:\\\/\\\/3dprintscanada.com\\\/\",\"name\":\"3D PRINTS CANADA INC.\",\"description\":\"\",\"potentialAction\":[{\"@type\":\"SearchAction\",\"target\":{\"@type\":\"EntryPoint\",\"urlTemplate\":\"https:\\\/\\\/3dprintscanada.com\\\/?s={search_term_string}\"},\"query-input\":{\"@type\":\"PropertyValueSpecification\",\"valueRequired\":true,\"valueName\":\"search_term_string\"}}],\"inLanguage\":\"en-CA\"}]}<\/script>\n<!-- \/ Yoast SEO plugin. -->","yoast_head_json":{"title":"\u00c0 propos - 3D PRINTS CANADA INC.","description":"\u00c0 propos de nos services, nous offrons la vente d'excellent filament d'impression 3D, le design 3D ainsi que le support informatique.","robots":{"index":"index","follow":"follow","max-snippet":"max-snippet:-1","max-image-preview":"max-image-preview:large","max-video-preview":"max-video-preview:-1"},"canonical":"https:\/\/3dprintscanada.com\/en\/a-propos\/","og_locale":"en_US","og_type":"article","og_title":"\u00c0 propos - 3D PRINTS CANADA INC.","og_description":"\u00c0 propos de nos services, nous offrons la vente d'excellent filament d'impression 3D, le design 3D ainsi que le support informatique.","og_url":"https:\/\/3dprintscanada.com\/en\/a-propos\/","og_site_name":"3D PRINTS CANADA INC.","article_modified_time":"2024-12-31T19:12:02+00:00","twitter_card":"summary_large_image","twitter_misc":{"Est. reading time":"4 minutes"},"schema":{"@context":"https:\/\/schema.org","@graph":[{"@type":"WebPage","@id":"https:\/\/3dprintscanada.com\/a-propos\/","url":"https:\/\/3dprintscanada.com\/a-propos\/","name":"\u00c0 propos - 3D PRINTS CANADA INC.","isPartOf":{"@id":"https:\/\/3dprintscanada.com\/#website"},"datePublished":"2023-09-14T04:06:04+00:00","dateModified":"2024-12-31T19:12:02+00:00","description":"\u00c0 propos de nos services, nous offrons la vente d'excellent filament d'impression 3D, le design 3D ainsi que le support informatique.","breadcrumb":{"@id":"https:\/\/3dprintscanada.com\/a-propos\/#breadcrumb"},"inLanguage":"en-CA","potentialAction":[{"@type":"ReadAction","target":["https:\/\/3dprintscanada.com\/a-propos\/"]}]},{"@type":"BreadcrumbList","@id":"https:\/\/3dprintscanada.com\/a-propos\/#breadcrumb","itemListElement":[{"@type":"ListItem","position":1,"name":"Accueil","item":"https:\/\/3dprintscanada.com\/"},{"@type":"ListItem","position":2,"name":"\u00c0 propos"}]},{"@type":"WebSite","@id":"https:\/\/3dprintscanada.com\/#website","url":"https:\/\/3dprintscanada.com\/","name":"Impression 3D Qu\u00e9bec","description":"","potentialAction":[{"@type":"SearchAction","target":{"@type":"EntryPoint","urlTemplate":"https:\/\/3dprintscanada.com\/?s={search_term_string}"},"query-input":{"@type":"PropertyValueSpecification","valueRequired":true,"valueName":"search_term_string"}}],"inLanguage":"en-CA"}]}},"_links":{"self":[{"href":"https:\/\/3dprintscanada.com\/en\/wp-json\/wp\/v2\/pages\/91311","targetHints":{"allow":["GET"]}}],"collection":[{"href":"https:\/\/3dprintscanada.com\/en\/wp-json\/wp\/v2\/pages"}],"about":[{"href":"https:\/\/3dprintscanada.com\/en\/wp-json\/wp\/v2\/types\/page"}],"author":[{"embeddable":true,"href":"https:\/\/3dprintscanada.com\/en\/wp-json\/wp\/v2\/users\/1"}],"replies":[{"embeddable":true,"href":"https:\/\/3dprintscanada.com\/en\/wp-json\/wp\/v2\/comments?post=91311"}],"version-history":[{"count":14,"href":"https:\/\/3dprintscanada.com\/en\/wp-json\/wp\/v2\/pages\/91311\/revisions"}],"predecessor-version":[{"id":987505595,"href":"https:\/\/3dprintscanada.com\/en\/wp-json\/wp\/v2\/pages\/91311\/revisions\/987505595"}],"wp:attachment":[{"href":"https:\/\/3dprintscanada.com\/en\/wp-json\/wp\/v2\/media?parent=91311"}],"curies":[{"name":"wp","href":"https:\/\/api.w.org\/{rel}","templated":true}]}}