{"id":883,"date":"2021-09-11T08:50:09","date_gmt":"2021-09-11T08:50:09","guid":{"rendered":"http:\/\/localhost\/machic\/?page_id=883"},"modified":"2024-10-17T11:58:51","modified_gmt":"2024-10-17T15:58:51","slug":"liste-de-souhaits","status":"publish","type":"page","link":"https:\/\/3dprintscanada.com\/en\/liste-de-souhaits\/","title":{"rendered":"Liste de souhaits \/ Wishlist"},"content":{"rendered":"<p>[et_pb_section fb_built=&#8221;1&#8243; theme_builder_area=&#8221;post_content&#8221; _builder_version=&#8221;4.27.2&#8243; _module_preset=&#8221;default&#8221;][et_pb_row _builder_version=&#8221;4.27.2&#8243; _module_preset=&#8221;default&#8221; theme_builder_area=&#8221;post_content&#8221;][et_pb_column _builder_version=&#8221;4.27.2&#8243; _module_preset=&#8221;default&#8221; theme_builder_area=&#8221;post_content&#8221;][et_pb_code _builder_version=&#8221;4.27.2&#8243; _module_preset=&#8221;default&#8221; theme_builder_area=&#8221;post_content&#8221; hover_enabled=&#8221;0&#8243; sticky_enabled=&#8221;0&#8243;]<div class=\"woocommerce\"><\/div>[\/et_pb_code][et_pb_code _builder_version=&#8221;4.27.2&#8243; _module_preset=&#8221;default&#8221; theme_builder_area=&#8221;post_content&#8221; hover_enabled=&#8221;0&#8243; sticky_enabled=&#8221;0&#8243;]wlfmc-wishlist[\/et_pb_code][\/et_pb_column][\/et_pb_row][\/et_pb_section]<\/p>\n","protected":false},"excerpt":{"rendered":"<div class=\"woocommerce\"><\/div>","protected":false},"author":1,"featured_media":0,"parent":0,"menu_order":10,"comment_status":"closed","ping_status":"closed","template":"","meta":{"_et_pb_use_builder":"on","_et_pb_old_content":"<p>[ti_wishlistsview]<\/p>","_et_gb_content_width":"","footnotes":""},"class_list":["post-883","page","type-page","status-publish","hentry"],"yoast_head":"<!-- This site is optimized with the Yoast SEO plugin v27.3 - https:\/\/yoast.com\/product\/yoast-seo-wordpress\/ -->\n<title>Liste de souhaits \/ Wishlist - 3D PRINTS CANADA INC.<\/title>\n<meta name=\"description\" content=\"La liste de souhaits vous aide \u00e0 vous souvenir de vos pr\u00e9f\u00e9rences, mais \u00e9galement d&#039;articles que vous achetez souvent.\" \/>\n<meta name=\"robots\" content=\"index, follow, max-snippet:-1, max-image-preview:large, max-video-preview:-1\" \/>\n<link rel=\"canonical\" href=\"https:\/\/3dprintscanada.com\/en\/mon-compte__trashed\/liste-de-souhaits\/\" \/>\n<meta property=\"og:locale\" content=\"en_US\" \/>\n<meta property=\"og:type\" content=\"article\" \/>\n<meta property=\"og:title\" content=\"Liste de souhaits \/ Wishlist - 3D PRINTS CANADA INC.\" \/>\n<meta property=\"og:description\" content=\"La liste de souhaits vous aide \u00e0 vous souvenir de vos pr\u00e9f\u00e9rences, mais \u00e9galement d&#039;articles que vous achetez souvent.\" \/>\n<meta property=\"og:url\" content=\"https:\/\/3dprintscanada.com\/en\/mon-compte__trashed\/liste-de-souhaits\/\" \/>\n<meta property=\"og:site_name\" content=\"3D PRINTS CANADA INC.\" \/>\n<meta property=\"article:modified_time\" content=\"2024-10-17T15:58:51+00:00\" \/>\n<meta name=\"twitter:card\" content=\"summary_large_image\" \/>\n<meta name=\"twitter:label1\" content=\"Est. reading time\" \/>\n\t<meta name=\"twitter:data1\" content=\"1 minute\" \/>\n<script type=\"application\/ld+json\" class=\"yoast-schema-graph\">{\"@context\":\"https:\\\/\\\/schema.org\",\"@graph\":[{\"@type\":\"WebPage\",\"@id\":\"https:\\\/\\\/3dprintscanada.com\\\/mon-compte__trashed\\\/liste-de-souhaits\\\/\",\"url\":\"https:\\\/\\\/3dprintscanada.com\\\/mon-compte__trashed\\\/liste-de-souhaits\\\/\",\"name\":\"Liste de souhaits \\\/ Wishlist - 3D PRINTS CANADA INC.\",\"isPartOf\":{\"@id\":\"https:\\\/\\\/3dprintscanada.com\\\/#website\"},\"datePublished\":\"2021-09-11T08:50:09+00:00\",\"dateModified\":\"2024-10-17T15:58:51+00:00\",\"description\":\"La liste de souhaits vous aide \u00e0 vous souvenir de vos pr\u00e9f\u00e9rences, mais \u00e9galement d'articles que vous achetez souvent.\",\"breadcrumb\":{\"@id\":\"https:\\\/\\\/3dprintscanada.com\\\/mon-compte__trashed\\\/liste-de-souhaits\\\/#breadcrumb\"},\"inLanguage\":\"en-CA\",\"potentialAction\":[{\"@type\":\"ReadAction\",\"target\":[\"https:\\\/\\\/3dprintscanada.com\\\/mon-compte__trashed\\\/liste-de-souhaits\\\/\"]}]},{\"@type\":\"BreadcrumbList\",\"@id\":\"https:\\\/\\\/3dprintscanada.com\\\/mon-compte__trashed\\\/liste-de-souhaits\\\/#breadcrumb\",\"itemListElement\":[{\"@type\":\"ListItem\",\"position\":1,\"name\":\"Accueil\",\"item\":\"https:\\\/\\\/3dprintscanada.com\\\/\"},{\"@type\":\"ListItem\",\"position\":2,\"name\":\"Liste de souhaits \\\/ Wishlist\"}]},{\"@type\":\"WebSite\",\"@id\":\"https:\\\/\\\/3dprintscanada.com\\\/#website\",\"url\":\"https:\\\/\\\/3dprintscanada.com\\\/\",\"name\":\"3D PRINTS CANADA INC.\",\"description\":\"\",\"potentialAction\":[{\"@type\":\"SearchAction\",\"target\":{\"@type\":\"EntryPoint\",\"urlTemplate\":\"https:\\\/\\\/3dprintscanada.com\\\/?s={search_term_string}\"},\"query-input\":{\"@type\":\"PropertyValueSpecification\",\"valueRequired\":true,\"valueName\":\"search_term_string\"}}],\"inLanguage\":\"en-CA\"}]}<\/script>\n<!-- \/ Yoast SEO plugin. -->","yoast_head_json":{"title":"Liste de souhaits \/ Wishlist - 3D PRINTS CANADA INC.","description":"La liste de souhaits vous aide \u00e0 vous souvenir de vos pr\u00e9f\u00e9rences, mais \u00e9galement d'articles que vous achetez souvent.","robots":{"index":"index","follow":"follow","max-snippet":"max-snippet:-1","max-image-preview":"max-image-preview:large","max-video-preview":"max-video-preview:-1"},"canonical":"https:\/\/3dprintscanada.com\/en\/mon-compte__trashed\/liste-de-souhaits\/","og_locale":"en_US","og_type":"article","og_title":"Liste de souhaits \/ Wishlist - 3D PRINTS CANADA INC.","og_description":"La liste de souhaits vous aide \u00e0 vous souvenir de vos pr\u00e9f\u00e9rences, mais \u00e9galement d'articles que vous achetez souvent.","og_url":"https:\/\/3dprintscanada.com\/en\/mon-compte__trashed\/liste-de-souhaits\/","og_site_name":"3D PRINTS CANADA INC.","article_modified_time":"2024-10-17T15:58:51+00:00","twitter_card":"summary_large_image","twitter_misc":{"Est. reading time":"1 minute"},"schema":{"@context":"https:\/\/schema.org","@graph":[{"@type":"WebPage","@id":"https:\/\/3dprintscanada.com\/mon-compte__trashed\/liste-de-souhaits\/","url":"https:\/\/3dprintscanada.com\/mon-compte__trashed\/liste-de-souhaits\/","name":"Liste de souhaits \/ Wishlist - 3D PRINTS CANADA INC.","isPartOf":{"@id":"https:\/\/3dprintscanada.com\/#website"},"datePublished":"2021-09-11T08:50:09+00:00","dateModified":"2024-10-17T15:58:51+00:00","description":"La liste de souhaits vous aide \u00e0 vous souvenir de vos pr\u00e9f\u00e9rences, mais \u00e9galement d'articles que vous achetez souvent.","breadcrumb":{"@id":"https:\/\/3dprintscanada.com\/mon-compte__trashed\/liste-de-souhaits\/#breadcrumb"},"inLanguage":"en-CA","potentialAction":[{"@type":"ReadAction","target":["https:\/\/3dprintscanada.com\/mon-compte__trashed\/liste-de-souhaits\/"]}]},{"@type":"BreadcrumbList","@id":"https:\/\/3dprintscanada.com\/mon-compte__trashed\/liste-de-souhaits\/#breadcrumb","itemListElement":[{"@type":"ListItem","position":1,"name":"Accueil","item":"https:\/\/3dprintscanada.com\/"},{"@type":"ListItem","position":2,"name":"Liste de souhaits \/ Wishlist"}]},{"@type":"WebSite","@id":"https:\/\/3dprintscanada.com\/#website","url":"https:\/\/3dprintscanada.com\/","name":"Impression 3D Qu\u00e9bec","description":"","potentialAction":[{"@type":"SearchAction","target":{"@type":"EntryPoint","urlTemplate":"https:\/\/3dprintscanada.com\/?s={search_term_string}"},"query-input":{"@type":"PropertyValueSpecification","valueRequired":true,"valueName":"search_term_string"}}],"inLanguage":"en-CA"}]}},"_links":{"self":[{"href":"https:\/\/3dprintscanada.com\/en\/wp-json\/wp\/v2\/pages\/883","targetHints":{"allow":["GET"]}}],"collection":[{"href":"https:\/\/3dprintscanada.com\/en\/wp-json\/wp\/v2\/pages"}],"about":[{"href":"https:\/\/3dprintscanada.com\/en\/wp-json\/wp\/v2\/types\/page"}],"author":[{"embeddable":true,"href":"https:\/\/3dprintscanada.com\/en\/wp-json\/wp\/v2\/users\/1"}],"replies":[{"embeddable":true,"href":"https:\/\/3dprintscanada.com\/en\/wp-json\/wp\/v2\/comments?post=883"}],"version-history":[{"count":4,"href":"https:\/\/3dprintscanada.com\/en\/wp-json\/wp\/v2\/pages\/883\/revisions"}],"predecessor-version":[{"id":226850,"href":"https:\/\/3dprintscanada.com\/en\/wp-json\/wp\/v2\/pages\/883\/revisions\/226850"}],"wp:attachment":[{"href":"https:\/\/3dprintscanada.com\/en\/wp-json\/wp\/v2\/media?parent=883"}],"curies":[{"name":"wp","href":"https:\/\/api.w.org\/{rel}","templated":true}]}}