{"id":5732,"date":"2023-01-31T14:47:25","date_gmt":"2023-01-31T14:47:25","guid":{"rendered":"https:\/\/3dprintscanada.com\/affilie\/"},"modified":"2024-12-31T14:38:13","modified_gmt":"2024-12-31T19:38:13","slug":"affilie","status":"publish","type":"page","link":"https:\/\/3dprintscanada.com\/en\/affilie\/","title":{"rendered":"Tableau de bord &#8211; Affili\u00e9(e) \/ Affiliate Dashboard"},"content":{"rendered":"<p>[et_pb_section fb_built=&#8221;1&#8243; admin_label=&#8221;section&#8221; _builder_version=&#8221;4.16&#8243; global_colors_info=&#8221;{}&#8221;][et_pb_row admin_label=&#8221;row&#8221; _builder_version=&#8221;4.27.4&#8243; background_size=&#8221;initial&#8221; background_position=&#8221;top_left&#8221; background_repeat=&#8221;repeat&#8221; width=&#8221;100%&#8221; max_width=&#8221;1300px&#8221; hover_enabled=&#8221;0&#8243; global_colors_info=&#8221;{}&#8221; sticky_enabled=&#8221;0&#8243;][et_pb_column type=&#8221;4_4&#8243; _builder_version=&#8221;4.16&#8243; custom_padding=&#8221;|||&#8221; global_colors_info=&#8221;{}&#8221; custom_padding__hover=&#8221;|||&#8221;][et_pb_text admin_label=&#8221;Text&#8221; _builder_version=&#8221;4.16&#8243; background_size=&#8221;initial&#8221; background_position=&#8221;top_left&#8221; background_repeat=&#8221;repeat&#8221; global_colors_info=&#8221;{}&#8221;]<\/p>\n<h1>Tableau de bord &#8211; Affili\u00e9(e)<\/h1>\n<p>\t\t\t\t\t\t\t\t\t\t\t\t\t\t\t<img decoding=\"async\" width=\"300\" height=\"200\" src=\"https:\/\/3dprintscanada.com\/wp-content\/uploads\/2023\/08\/affilie-300x200.webp\" alt=\"\" loading=\"lazy\" srcset=\"https:\/\/3dprintscanada.com\/wp-content\/uploads\/2023\/08\/affilie-300x200.webp 300w, https:\/\/3dprintscanada.com\/wp-content\/uploads\/2023\/08\/affilie-50x33.webp 50w, https:\/\/3dprintscanada.com\/wp-content\/uploads\/2023\/08\/affilie-18x12.webp 18w, https:\/\/3dprintscanada.com\/wp-content\/uploads\/2023\/08\/affilie-600x400.webp 600w, https:\/\/3dprintscanada.com\/wp-content\/uploads\/2023\/08\/affilie-81x54.webp 81w, https:\/\/3dprintscanada.com\/wp-content\/uploads\/2023\/08\/affilie-64x43.webp 64w, https:\/\/3dprintscanada.com\/wp-content\/uploads\/2023\/08\/affilie.webp 612w\" sizes=\"(max-width: 300px) 100vw, 300px\" \/><br \/>\n\t\t[\/et_pb_text][\/et_pb_column][\/et_pb_row][\/et_pb_section]<\/p>\n","protected":false},"excerpt":{"rendered":"<p>Tableau de bord &#8211; Affili\u00e9(e) <\/p>","protected":false},"author":1,"featured_media":0,"parent":0,"menu_order":0,"comment_status":"closed","ping_status":"closed","template":"","meta":{"_et_pb_use_builder":"on","_et_pb_old_content":"<h1>Tableau de bord - Affili\u00e9(e)<\/h1>\t\t\n\t\t\t\t\t\t\t\t\t\t\t\t\t\t\t<img width=\"300\" height=\"200\" src=\"https:\/\/3dprintscanada.com\/wp-content\/uploads\/2023\/08\/affilie-300x200.webp\" alt=\"\" loading=\"lazy\" srcset=\"https:\/\/3dprintscanada.com\/wp-content\/uploads\/2023\/08\/affilie-300x200.webp 300w, https:\/\/3dprintscanada.com\/wp-content\/uploads\/2023\/08\/affilie-50x33.webp 50w, https:\/\/3dprintscanada.com\/wp-content\/uploads\/2023\/08\/affilie-18x12.webp 18w, https:\/\/3dprintscanada.com\/wp-content\/uploads\/2023\/08\/affilie-600x400.webp 600w, https:\/\/3dprintscanada.com\/wp-content\/uploads\/2023\/08\/affilie-81x54.webp 81w, https:\/\/3dprintscanada.com\/wp-content\/uploads\/2023\/08\/affilie-64x43.webp 64w, https:\/\/3dprintscanada.com\/wp-content\/uploads\/2023\/08\/affilie.webp 612w\" sizes=\"(max-width: 300px) 100vw, 300px\" \/>\t\t\t\t\t\t\t\t\t\t\t\t\t\t\t\n\t\t[couponaffiliates]","_et_gb_content_width":"","footnotes":""},"class_list":["post-5732","page","type-page","status-publish","hentry"],"yoast_head":"<!-- This site is optimized with the Yoast SEO plugin v27.3 - https:\/\/yoast.com\/product\/yoast-seo-wordpress\/ -->\n<title>Tableau de bord - Affili\u00e9(e) \/ Affiliate Dashboard<\/title>\n<meta name=\"description\" content=\"En tant qu&#039;affili\u00e9 de 3D PRINTS CANADA INC., vous avez acc\u00e8s \u00e0 un espace suppl\u00e9mentaire pour visionner votre programme.\" \/>\n<meta name=\"robots\" content=\"index, follow, max-snippet:-1, max-image-preview:large, max-video-preview:-1\" \/>\n<link rel=\"canonical\" href=\"https:\/\/3dprintscanada.com\/en\/affilie\/\" \/>\n<meta property=\"og:locale\" content=\"en_US\" \/>\n<meta property=\"og:type\" content=\"article\" \/>\n<meta property=\"og:title\" content=\"Tableau de bord - Affili\u00e9(e) \/ Affiliate Dashboard\" \/>\n<meta property=\"og:description\" content=\"En tant qu&#039;affili\u00e9 de 3D PRINTS CANADA INC., vous avez acc\u00e8s \u00e0 un espace suppl\u00e9mentaire pour visionner votre programme.\" \/>\n<meta property=\"og:url\" content=\"https:\/\/3dprintscanada.com\/en\/affilie\/\" \/>\n<meta property=\"og:site_name\" content=\"3D PRINTS CANADA INC.\" \/>\n<meta property=\"article:modified_time\" content=\"2024-12-31T19:38:13+00:00\" \/>\n<meta property=\"og:image\" content=\"https:\/\/3dprintscanada.com\/wp-content\/uploads\/2023\/08\/affilie-300x200.webp\" \/>\n<meta name=\"twitter:card\" content=\"summary_large_image\" \/>\n<meta name=\"twitter:label1\" content=\"Est. reading time\" \/>\n\t<meta name=\"twitter:data1\" content=\"1 minute\" \/>\n<script type=\"application\/ld+json\" class=\"yoast-schema-graph\">{\"@context\":\"https:\\\/\\\/schema.org\",\"@graph\":[{\"@type\":\"WebPage\",\"@id\":\"https:\\\/\\\/3dprintscanada.com\\\/affilie\\\/\",\"url\":\"https:\\\/\\\/3dprintscanada.com\\\/affilie\\\/\",\"name\":\"Tableau de bord - Affili\u00e9(e) \\\/ Affiliate Dashboard\",\"isPartOf\":{\"@id\":\"https:\\\/\\\/3dprintscanada.com\\\/#website\"},\"primaryImageOfPage\":{\"@id\":\"https:\\\/\\\/3dprintscanada.com\\\/affilie\\\/#primaryimage\"},\"image\":{\"@id\":\"https:\\\/\\\/3dprintscanada.com\\\/affilie\\\/#primaryimage\"},\"thumbnailUrl\":\"https:\\\/\\\/3dprintscanada.com\\\/wp-content\\\/uploads\\\/2023\\\/08\\\/affilie-300x200.webp\",\"datePublished\":\"2023-01-31T14:47:25+00:00\",\"dateModified\":\"2024-12-31T19:38:13+00:00\",\"description\":\"En tant qu'affili\u00e9 de 3D PRINTS CANADA INC., vous avez acc\u00e8s \u00e0 un espace suppl\u00e9mentaire pour visionner votre programme.\",\"breadcrumb\":{\"@id\":\"https:\\\/\\\/3dprintscanada.com\\\/affilie\\\/#breadcrumb\"},\"inLanguage\":\"en-CA\",\"potentialAction\":[{\"@type\":\"ReadAction\",\"target\":[\"https:\\\/\\\/3dprintscanada.com\\\/affilie\\\/\"]}]},{\"@type\":\"ImageObject\",\"inLanguage\":\"en-CA\",\"@id\":\"https:\\\/\\\/3dprintscanada.com\\\/affilie\\\/#primaryimage\",\"url\":\"https:\\\/\\\/3dprintscanada.com\\\/wp-content\\\/uploads\\\/2023\\\/08\\\/affilie-300x200.webp\",\"contentUrl\":\"https:\\\/\\\/3dprintscanada.com\\\/wp-content\\\/uploads\\\/2023\\\/08\\\/affilie-300x200.webp\"},{\"@type\":\"BreadcrumbList\",\"@id\":\"https:\\\/\\\/3dprintscanada.com\\\/affilie\\\/#breadcrumb\",\"itemListElement\":[{\"@type\":\"ListItem\",\"position\":1,\"name\":\"Accueil\",\"item\":\"https:\\\/\\\/3dprintscanada.com\\\/\"},{\"@type\":\"ListItem\",\"position\":2,\"name\":\"Tableau de bord &#8211; Affili\u00e9(e) \\\/ Affiliate Dashboard\"}]},{\"@type\":\"WebSite\",\"@id\":\"https:\\\/\\\/3dprintscanada.com\\\/#website\",\"url\":\"https:\\\/\\\/3dprintscanada.com\\\/\",\"name\":\"3D PRINTS CANADA INC.\",\"description\":\"\",\"potentialAction\":[{\"@type\":\"SearchAction\",\"target\":{\"@type\":\"EntryPoint\",\"urlTemplate\":\"https:\\\/\\\/3dprintscanada.com\\\/?s={search_term_string}\"},\"query-input\":{\"@type\":\"PropertyValueSpecification\",\"valueRequired\":true,\"valueName\":\"search_term_string\"}}],\"inLanguage\":\"en-CA\"}]}<\/script>\n<!-- \/ Yoast SEO plugin. -->","yoast_head_json":{"title":"Tableau de bord - Affili\u00e9(e) \/ Affiliate Dashboard","description":"En tant qu'affili\u00e9 de 3D PRINTS CANADA INC., vous avez acc\u00e8s \u00e0 un espace suppl\u00e9mentaire pour visionner votre programme.","robots":{"index":"index","follow":"follow","max-snippet":"max-snippet:-1","max-image-preview":"max-image-preview:large","max-video-preview":"max-video-preview:-1"},"canonical":"https:\/\/3dprintscanada.com\/en\/affilie\/","og_locale":"en_US","og_type":"article","og_title":"Tableau de bord - Affili\u00e9(e) \/ Affiliate Dashboard","og_description":"En tant qu'affili\u00e9 de 3D PRINTS CANADA INC., vous avez acc\u00e8s \u00e0 un espace suppl\u00e9mentaire pour visionner votre programme.","og_url":"https:\/\/3dprintscanada.com\/en\/affilie\/","og_site_name":"3D PRINTS CANADA INC.","article_modified_time":"2024-12-31T19:38:13+00:00","og_image":[{"url":"https:\/\/3dprintscanada.com\/wp-content\/uploads\/2023\/08\/affilie-300x200.webp","type":"","width":"","height":""}],"twitter_card":"summary_large_image","twitter_misc":{"Est. reading time":"1 minute"},"schema":{"@context":"https:\/\/schema.org","@graph":[{"@type":"WebPage","@id":"https:\/\/3dprintscanada.com\/affilie\/","url":"https:\/\/3dprintscanada.com\/affilie\/","name":"Tableau de bord - Affili\u00e9(e) \/ Affiliate Dashboard","isPartOf":{"@id":"https:\/\/3dprintscanada.com\/#website"},"primaryImageOfPage":{"@id":"https:\/\/3dprintscanada.com\/affilie\/#primaryimage"},"image":{"@id":"https:\/\/3dprintscanada.com\/affilie\/#primaryimage"},"thumbnailUrl":"https:\/\/3dprintscanada.com\/wp-content\/uploads\/2023\/08\/affilie-300x200.webp","datePublished":"2023-01-31T14:47:25+00:00","dateModified":"2024-12-31T19:38:13+00:00","description":"En tant qu'affili\u00e9 de 3D PRINTS CANADA INC., vous avez acc\u00e8s \u00e0 un espace suppl\u00e9mentaire pour visionner votre programme.","breadcrumb":{"@id":"https:\/\/3dprintscanada.com\/affilie\/#breadcrumb"},"inLanguage":"en-CA","potentialAction":[{"@type":"ReadAction","target":["https:\/\/3dprintscanada.com\/affilie\/"]}]},{"@type":"ImageObject","inLanguage":"en-CA","@id":"https:\/\/3dprintscanada.com\/affilie\/#primaryimage","url":"https:\/\/3dprintscanada.com\/wp-content\/uploads\/2023\/08\/affilie-300x200.webp","contentUrl":"https:\/\/3dprintscanada.com\/wp-content\/uploads\/2023\/08\/affilie-300x200.webp"},{"@type":"BreadcrumbList","@id":"https:\/\/3dprintscanada.com\/affilie\/#breadcrumb","itemListElement":[{"@type":"ListItem","position":1,"name":"Accueil","item":"https:\/\/3dprintscanada.com\/"},{"@type":"ListItem","position":2,"name":"Tableau de bord &#8211; Affili\u00e9(e) \/ Affiliate Dashboard"}]},{"@type":"WebSite","@id":"https:\/\/3dprintscanada.com\/#website","url":"https:\/\/3dprintscanada.com\/","name":"Impression 3D Qu\u00e9bec","description":"","potentialAction":[{"@type":"SearchAction","target":{"@type":"EntryPoint","urlTemplate":"https:\/\/3dprintscanada.com\/?s={search_term_string}"},"query-input":{"@type":"PropertyValueSpecification","valueRequired":true,"valueName":"search_term_string"}}],"inLanguage":"en-CA"}]}},"_links":{"self":[{"href":"https:\/\/3dprintscanada.com\/en\/wp-json\/wp\/v2\/pages\/5732","targetHints":{"allow":["GET"]}}],"collection":[{"href":"https:\/\/3dprintscanada.com\/en\/wp-json\/wp\/v2\/pages"}],"about":[{"href":"https:\/\/3dprintscanada.com\/en\/wp-json\/wp\/v2\/types\/page"}],"author":[{"embeddable":true,"href":"https:\/\/3dprintscanada.com\/en\/wp-json\/wp\/v2\/users\/1"}],"replies":[{"embeddable":true,"href":"https:\/\/3dprintscanada.com\/en\/wp-json\/wp\/v2\/comments?post=5732"}],"version-history":[{"count":3,"href":"https:\/\/3dprintscanada.com\/en\/wp-json\/wp\/v2\/pages\/5732\/revisions"}],"predecessor-version":[{"id":987505607,"href":"https:\/\/3dprintscanada.com\/en\/wp-json\/wp\/v2\/pages\/5732\/revisions\/987505607"}],"wp:attachment":[{"href":"https:\/\/3dprintscanada.com\/en\/wp-json\/wp\/v2\/media?parent=5732"}],"curies":[{"name":"wp","href":"https:\/\/api.w.org\/{rel}","templated":true}]}}