{"id":226795,"date":"2024-11-18T00:00:00","date_gmt":"2024-11-18T04:00:00","guid":{"rendered":"https:\/\/3dprints.technosvr.com\/affilie-3\/"},"modified":"2024-11-19T13:29:13","modified_gmt":"2024-11-19T17:29:13","slug":"affilie-3","status":"publish","type":"page","link":"https:\/\/3dprintscanada.com\/en\/affilie-3\/","title":{"rendered":"Tableau de bord &#8211; Affili\u00e9(e) \/ Affiliate Dashboard"},"content":{"rendered":"<div class=\"wcu-form-section wcu-form-section-free\">\r\n\r\n      \r\n      <p class=\"wcusage-register-form-title\" style=\"font-size: 1.2em;\"><strong>Register New Affiliate Account:<\/strong><\/p>\r\n\r\n      <link rel=\"stylesheet\" href=\"https:\/\/3dprintscanada.com\/wp-content\/plugins\/woo-coupon-usage\/fonts\/font-awesome\/css\/all.min.css\" crossorigin=\"anonymous\">\r\n\r\n      \r\n        \r\n        \r\n          <!-- Form -->\r\n          <div class=\"wcu_form_style_3 wcu_form_style_columns\">\r\n          <form method=\"post\" id=\"wcu_form_affiliate_register\" class=\"wcu_form_affiliate_register\" enctype=\"multipart\/form-data\" action=\"\"\r\n          >\r\n\r\n            \r\n              <p class=\"wcu-register-field-col wcu-register-field-col-1\"><label for=\"wcu-input-first-name\">First Name:<\/label>\r\n                <input type=\"text\" id=\"wcu-input-first-name\" name=\"wcu-input-first-name\" class=\"input-text form-control\" value=\"\" style=\"max-width: 300px;\" >\r\n              <\/p>\r\n\r\n              <p class=\"wcu-register-field-col wcu-register-field-col-2\"><label for=\"wcu-input-last-name\">Last Name:<\/label>\r\n                <input type=\"text\" id=\"wcu-input-last-name\" name=\"wcu-input-last-name\" class=\"input-text form-control\" value=\"\" style=\"max-width: 300px;\" >\r\n              <\/p>\r\n\r\n                            <p class=\"wcu-register-field-col-username wcu-register-field-col-1\"><label for=\"wcu-input-username\">Username:*<\/label>\r\n                <input type=\"text\" id=\"wcu-input-username\" name=\"wcu-input-username\" class=\"input-text form-control\" value=\"\" style=\"max-width: 300px;\" required>\r\n              <\/p>\r\n              \r\n              <p class=\"wcu-register-field-col-email wcu-register-field-col-2\"><label for=\"wcu-input-email\">Email Address:*<\/label>\r\n                <input type=\"email\" id=\"wcu-input-email\" name=\"wcu-input-email\" class=\"input-text form-control\" value=\"\" style=\"max-width: 300px;\" required>\r\n              <\/p>\r\n\r\n              <div style=\"clear: both;\"><\/div>\r\n\r\n              <p class=\"wcu-register-field-col-password\"><label for=\"wcu-input-password\">Password:*<\/label>\r\n                <input type=\"password\" id=\"wcu-input-password\" name=\"wcu-input-password\" class=\"input-text form-control\" value=\"\" style=\"max-width: 300px; display: inline-block;\" required>\r\n              <\/p>\r\n\r\n              \r\n              <div style=\"clear: both;\"><\/div>\r\n\r\n            \r\n            <!-- Preferred Code -->\r\n                                    <p class=\"wcu-register-field-col\"><label for=\"wcu-input-coupon\">Preferred Coupon Code:*<\/label>\r\n              <input type=\"text\" id=\"wcu-input-coupon\" name=\"wcu-input-coupon\" class=\"input-text form-control\" value=\"\" minlength=\"3\" style=\"max-width: 300px;\" required>\r\n            <\/p>\r\n            \r\n            \r\n                                    <!-- HP -->\r\n            <div style=\"display: none;\">\r\n              <label for=\"wcu-input-hp\">Dont put anything here..<\/label>\r\n              <input type=\"text\" id=\"wcu-input-hp\" name=\"wcu-input-hp\" class=\"input-text              form-control\" autocomplete=\"off\" value=\"\">\r\n            <\/div>\r\n            \r\n            <!-- Terms -->\r\n            \r\n            <div style=\"clear: both;\"><\/div>\r\n\r\n            <!-- Recaptcha -->\r\n            \r\n            <!-- Turnstile -->\r\n            \r\n            <div style=\"clear: both;\"><\/div>\r\n\r\n            \r\n            <input type=\"hidden\" id=\"wcusage_submit_registration_form1\" name=\"wcusage_submit_registration_form1\" value=\"2a566ceed1\" \/><input type=\"hidden\" name=\"_wp_http_referer\" value=\"\/en\/wp-json\/wp\/v2\/pages\/226795\" \/>            <input type=\"hidden\" id=\"wcusage_submit_registration_form2\" name=\"wcusage_submit_registration_form2\" value=\"fe705772d1\" \/><input type=\"hidden\" name=\"_wp_http_referer\" value=\"\/en\/wp-json\/wp\/v2\/pages\/226795\" \/>\r\n            <p class=\"wcu-register-form-button\"><input type=\"submit\" class=\"woocommerce-button button\"  id=\"wcu-register-button\" name=\"submitaffiliateapplication\" value=\"Submit Application\"><\/p>\r\n\r\n            <i class=\"register-spinner fa fa-spinner fa-spin\" style=\"display: none; text-align: center; margin: 10px auto; font-size: 20px; width: 40px;\"><\/i>\r\n\r\n            \r\n          <input type=\"hidden\" name=\"trp-form-language\" value=\"en\"\/><\/form>\r\n          <\/div>\r\n\r\n        \r\n      \r\n      \r\n      <\/div>","protected":false},"excerpt":{"rendered":"","protected":false},"author":1,"featured_media":0,"parent":0,"menu_order":0,"comment_status":"closed","ping_status":"closed","template":"","meta":{"_et_pb_use_builder":"","_et_pb_old_content":"","_et_gb_content_width":"","footnotes":""},"class_list":["post-226795","page","type-page","status-publish","hentry"],"yoast_head":"<!-- This site is optimized with the Yoast SEO plugin v27.4 - https:\/\/yoast.com\/product\/yoast-seo-wordpress\/ -->\n<title>Tableau de bord - Affili\u00e9(e) \/ Affiliate Dashboard - 3D PRINTS CANADA INC.<\/title>\n<meta name=\"description\" content=\"En tant qu&#039;affili\u00e9 de 3D PRINTS CANADA INC., vous avez acc\u00e8s \u00e0 un espace suppl\u00e9mentaire pour visionner votre programme.\" \/>\n<meta name=\"robots\" content=\"index, follow, max-snippet:-1, max-image-preview:large, max-video-preview:-1\" \/>\n<link rel=\"canonical\" href=\"https:\/\/3dprintscanada.com\/en\/affilie-3\/\" \/>\n<meta property=\"og:locale\" content=\"en_US\" \/>\n<meta property=\"og:type\" content=\"article\" \/>\n<meta property=\"og:title\" content=\"Tableau de bord - Affili\u00e9(e) \/ Affiliate Dashboard - 3D PRINTS CANADA INC.\" \/>\n<meta property=\"og:description\" content=\"En tant qu&#039;affili\u00e9 de 3D PRINTS CANADA INC., vous avez acc\u00e8s \u00e0 un espace suppl\u00e9mentaire pour visionner votre programme.\" \/>\n<meta property=\"og:url\" content=\"https:\/\/3dprintscanada.com\/en\/affilie-3\/\" \/>\n<meta property=\"og:site_name\" content=\"3D PRINTS CANADA INC.\" \/>\n<meta property=\"article:modified_time\" content=\"2024-11-19T17:29:13+00:00\" \/>\n<meta name=\"twitter:card\" content=\"summary_large_image\" \/>\n<meta name=\"twitter:label1\" content=\"Est. reading time\" \/>\n\t<meta name=\"twitter:data1\" content=\"1 minute\" \/>\n<script type=\"application\/ld+json\" class=\"yoast-schema-graph\">{\"@context\":\"https:\\\/\\\/schema.org\",\"@graph\":[{\"@type\":\"WebPage\",\"@id\":\"https:\\\/\\\/3dprintscanada.com\\\/affilie-3\\\/\",\"url\":\"https:\\\/\\\/3dprintscanada.com\\\/affilie-3\\\/\",\"name\":\"Tableau de bord - Affili\u00e9(e) \\\/ Affiliate Dashboard - 3D PRINTS CANADA INC.\",\"isPartOf\":{\"@id\":\"https:\\\/\\\/3dprintscanada.com\\\/#website\"},\"datePublished\":\"2024-11-18T04:00:00+00:00\",\"dateModified\":\"2024-11-19T17:29:13+00:00\",\"description\":\"En tant qu'affili\u00e9 de 3D PRINTS CANADA INC., vous avez acc\u00e8s \u00e0 un espace suppl\u00e9mentaire pour visionner votre programme.\",\"breadcrumb\":{\"@id\":\"https:\\\/\\\/3dprintscanada.com\\\/affilie-3\\\/#breadcrumb\"},\"inLanguage\":\"en-CA\",\"potentialAction\":[{\"@type\":\"ReadAction\",\"target\":[\"https:\\\/\\\/3dprintscanada.com\\\/affilie-3\\\/\"]}]},{\"@type\":\"BreadcrumbList\",\"@id\":\"https:\\\/\\\/3dprintscanada.com\\\/affilie-3\\\/#breadcrumb\",\"itemListElement\":[{\"@type\":\"ListItem\",\"position\":1,\"name\":\"Accueil\",\"item\":\"https:\\\/\\\/3dprintscanada.com\\\/\"},{\"@type\":\"ListItem\",\"position\":2,\"name\":\"Tableau de bord &#8211; Affili\u00e9(e) \\\/ Affiliate Dashboard\"}]},{\"@type\":\"WebSite\",\"@id\":\"https:\\\/\\\/3dprintscanada.com\\\/#website\",\"url\":\"https:\\\/\\\/3dprintscanada.com\\\/\",\"name\":\"3D PRINTS CANADA INC.\",\"description\":\"\",\"potentialAction\":[{\"@type\":\"SearchAction\",\"target\":{\"@type\":\"EntryPoint\",\"urlTemplate\":\"https:\\\/\\\/3dprintscanada.com\\\/?s={search_term_string}\"},\"query-input\":{\"@type\":\"PropertyValueSpecification\",\"valueRequired\":true,\"valueName\":\"search_term_string\"}}],\"inLanguage\":\"en-CA\"}]}<\/script>\n<!-- \/ Yoast SEO plugin. -->","yoast_head_json":{"title":"Tableau de bord - Affili\u00e9(e) \/ Affiliate Dashboard - 3D PRINTS CANADA INC.","description":"En tant qu'affili\u00e9 de 3D PRINTS CANADA INC., vous avez acc\u00e8s \u00e0 un espace suppl\u00e9mentaire pour visionner votre programme.","robots":{"index":"index","follow":"follow","max-snippet":"max-snippet:-1","max-image-preview":"max-image-preview:large","max-video-preview":"max-video-preview:-1"},"canonical":"https:\/\/3dprintscanada.com\/en\/affilie-3\/","og_locale":"en_US","og_type":"article","og_title":"Tableau de bord - Affili\u00e9(e) \/ Affiliate Dashboard - 3D PRINTS CANADA INC.","og_description":"En tant qu'affili\u00e9 de 3D PRINTS CANADA INC., vous avez acc\u00e8s \u00e0 un espace suppl\u00e9mentaire pour visionner votre programme.","og_url":"https:\/\/3dprintscanada.com\/en\/affilie-3\/","og_site_name":"3D PRINTS CANADA INC.","article_modified_time":"2024-11-19T17:29:13+00:00","twitter_card":"summary_large_image","twitter_misc":{"Est. reading time":"1 minute"},"schema":{"@context":"https:\/\/schema.org","@graph":[{"@type":"WebPage","@id":"https:\/\/3dprintscanada.com\/affilie-3\/","url":"https:\/\/3dprintscanada.com\/affilie-3\/","name":"Tableau de bord - Affili\u00e9(e) \/ Affiliate Dashboard - 3D PRINTS CANADA INC.","isPartOf":{"@id":"https:\/\/3dprintscanada.com\/#website"},"datePublished":"2024-11-18T04:00:00+00:00","dateModified":"2024-11-19T17:29:13+00:00","description":"En tant qu'affili\u00e9 de 3D PRINTS CANADA INC., vous avez acc\u00e8s \u00e0 un espace suppl\u00e9mentaire pour visionner votre programme.","breadcrumb":{"@id":"https:\/\/3dprintscanada.com\/affilie-3\/#breadcrumb"},"inLanguage":"en-CA","potentialAction":[{"@type":"ReadAction","target":["https:\/\/3dprintscanada.com\/affilie-3\/"]}]},{"@type":"BreadcrumbList","@id":"https:\/\/3dprintscanada.com\/affilie-3\/#breadcrumb","itemListElement":[{"@type":"ListItem","position":1,"name":"Accueil","item":"https:\/\/3dprintscanada.com\/"},{"@type":"ListItem","position":2,"name":"Tableau de bord &#8211; Affili\u00e9(e) \/ Affiliate Dashboard"}]},{"@type":"WebSite","@id":"https:\/\/3dprintscanada.com\/#website","url":"https:\/\/3dprintscanada.com\/","name":"Impression 3D Qu\u00e9bec","description":"","potentialAction":[{"@type":"SearchAction","target":{"@type":"EntryPoint","urlTemplate":"https:\/\/3dprintscanada.com\/?s={search_term_string}"},"query-input":{"@type":"PropertyValueSpecification","valueRequired":true,"valueName":"search_term_string"}}],"inLanguage":"en-CA"}]}},"_links":{"self":[{"href":"https:\/\/3dprintscanada.com\/en\/wp-json\/wp\/v2\/pages\/226795","targetHints":{"allow":["GET"]}}],"collection":[{"href":"https:\/\/3dprintscanada.com\/en\/wp-json\/wp\/v2\/pages"}],"about":[{"href":"https:\/\/3dprintscanada.com\/en\/wp-json\/wp\/v2\/types\/page"}],"author":[{"embeddable":true,"href":"https:\/\/3dprintscanada.com\/en\/wp-json\/wp\/v2\/users\/1"}],"replies":[{"embeddable":true,"href":"https:\/\/3dprintscanada.com\/en\/wp-json\/wp\/v2\/comments?post=226795"}],"version-history":[{"count":1,"href":"https:\/\/3dprintscanada.com\/en\/wp-json\/wp\/v2\/pages\/226795\/revisions"}],"predecessor-version":[{"id":987505360,"href":"https:\/\/3dprintscanada.com\/en\/wp-json\/wp\/v2\/pages\/226795\/revisions\/987505360"}],"wp:attachment":[{"href":"https:\/\/3dprintscanada.com\/en\/wp-json\/wp\/v2\/media?parent=226795"}],"curies":[{"name":"wp","href":"https:\/\/api.w.org\/{rel}","templated":true}]}}