{"id":1985,"date":"2021-10-06T13:28:19","date_gmt":"2021-10-06T13:28:19","guid":{"rendered":"http:\/\/localhost\/machic\/?page_id=1985"},"modified":"2025-01-06T11:36:37","modified_gmt":"2025-01-06T16:36:37","slug":"contact","status":"publish","type":"page","link":"https:\/\/3dprintscanada.com\/en\/contact\/","title":{"rendered":"Contact"},"content":{"rendered":"<p>[et_pb_section fb_built=&#8221;1&#8243; admin_label=&#8221;section&#8221; _builder_version=&#8221;4.16&#8243; global_colors_info=&#8221;{}&#8221;][et_pb_row admin_label=&#8221;row&#8221; _builder_version=&#8221;4.27.2&#8243; background_size=&#8221;initial&#8221; background_position=&#8221;top_left&#8221; background_repeat=&#8221;repeat&#8221; width=&#8221;100%&#8221; max_width=&#8221;1300px&#8221; global_colors_info=&#8221;{}&#8221;][et_pb_column type=&#8221;4_4&#8243; _builder_version=&#8221;4.16&#8243; custom_padding=&#8221;|||&#8221; global_colors_info=&#8221;{}&#8221; custom_padding__hover=&#8221;|||&#8221;][et_pb_text _builder_version=&#8221;4.27.2&#8243; _module_preset=&#8221;default&#8221; global_colors_info=&#8221;{}&#8221;]<\/p>\n<h1>Nous contacter<\/h1>\n<p>[\/et_pb_text][et_pb_contact_form email=&#8221;info@3dprintscanada.com&#8221; custom_message=&#8221;Nom : %%Nom%%||et_pb_line_break_holder||Pr\u00e9nom : %%Prenom%%||et_pb_line_break_holder||Adresse courriel : %%Courriel%%||et_pb_line_break_holder||Message : %%Commentaires_questions%%&#8221; success_message=&#8221;Votre message a bien \u00e9t\u00e9 envoy\u00e9.&#8221; submit_button_text=&#8221;Envoyer&#8221; _builder_version=&#8221;4.27.4&#8243; _module_preset=&#8221;default&#8221; _unique_id=&#8221;73e72b56-47cb-47ae-a391-bf5667c86e99&#8243; form_field_text_color=&#8221;#031424&#8243; hover_enabled=&#8221;0&#8243; global_colors_info=&#8221;{}&#8221; sticky_enabled=&#8221;0&#8243;][et_pb_contact_field field_id=&#8221;Nom&#8221; field_title=&#8221;Nom&#8221; _builder_version=&#8221;4.27.2&#8243; global_colors_info=&#8221;{}&#8221; button_text_size__hover_enabled=&#8221;off&#8221; button_one_text_size__hover_enabled=&#8221;off&#8221; button_two_text_size__hover_enabled=&#8221;off&#8221; button_text_color__hover_enabled=&#8221;off&#8221; button_one_text_color__hover_enabled=&#8221;off&#8221; button_two_text_color__hover_enabled=&#8221;off&#8221; button_border_width__hover_enabled=&#8221;off&#8221; button_one_border_width__hover_enabled=&#8221;off&#8221; button_two_border_width__hover_enabled=&#8221;off&#8221; button_border_color__hover_enabled=&#8221;off&#8221; button_one_border_color__hover_enabled=&#8221;off&#8221; button_two_border_color__hover_enabled=&#8221;off&#8221; button_border_radius__hover_enabled=&#8221;off&#8221; button_one_border_radius__hover_enabled=&#8221;off&#8221; button_two_border_radius__hover_enabled=&#8221;off&#8221; button_letter_spacing__hover_enabled=&#8221;off&#8221; button_one_letter_spacing__hover_enabled=&#8221;off&#8221; button_two_letter_spacing__hover_enabled=&#8221;off&#8221; button_bg_color__hover_enabled=&#8221;off&#8221; button_one_bg_color__hover_enabled=&#8221;off&#8221; button_two_bg_color__hover_enabled=&#8221;off&#8221;][\/et_pb_contact_field][et_pb_contact_field field_id=&#8221;Prenom&#8221; field_title=&#8221;Pr\u00e9nom&#8221; _builder_version=&#8221;4.27.2&#8243; global_colors_info=&#8221;{}&#8221; button_text_size__hover_enabled=&#8221;off&#8221; button_one_text_size__hover_enabled=&#8221;off&#8221; button_two_text_size__hover_enabled=&#8221;off&#8221; button_text_color__hover_enabled=&#8221;off&#8221; button_one_text_color__hover_enabled=&#8221;off&#8221; button_two_text_color__hover_enabled=&#8221;off&#8221; button_border_width__hover_enabled=&#8221;off&#8221; button_one_border_width__hover_enabled=&#8221;off&#8221; button_two_border_width__hover_enabled=&#8221;off&#8221; button_border_color__hover_enabled=&#8221;off&#8221; button_one_border_color__hover_enabled=&#8221;off&#8221; button_two_border_color__hover_enabled=&#8221;off&#8221; button_border_radius__hover_enabled=&#8221;off&#8221; button_one_border_radius__hover_enabled=&#8221;off&#8221; button_two_border_radius__hover_enabled=&#8221;off&#8221; button_letter_spacing__hover_enabled=&#8221;off&#8221; button_one_letter_spacing__hover_enabled=&#8221;off&#8221; button_two_letter_spacing__hover_enabled=&#8221;off&#8221; button_bg_color__hover_enabled=&#8221;off&#8221; button_one_bg_color__hover_enabled=&#8221;off&#8221; button_two_bg_color__hover_enabled=&#8221;off&#8221;][\/et_pb_contact_field][et_pb_contact_field field_id=&#8221;Courriel&#8221; field_title=&#8221;Adresse courriel&#8221; field_type=&#8221;email&#8221; fullwidth_field=&#8221;on&#8221; _builder_version=&#8221;4.27.2&#8243; global_colors_info=&#8221;{}&#8221; button_text_size__hover_enabled=&#8221;off&#8221; button_one_text_size__hover_enabled=&#8221;off&#8221; button_two_text_size__hover_enabled=&#8221;off&#8221; button_text_color__hover_enabled=&#8221;off&#8221; button_one_text_color__hover_enabled=&#8221;off&#8221; button_two_text_color__hover_enabled=&#8221;off&#8221; button_border_width__hover_enabled=&#8221;off&#8221; button_one_border_width__hover_enabled=&#8221;off&#8221; button_two_border_width__hover_enabled=&#8221;off&#8221; button_border_color__hover_enabled=&#8221;off&#8221; button_one_border_color__hover_enabled=&#8221;off&#8221; button_two_border_color__hover_enabled=&#8221;off&#8221; button_border_radius__hover_enabled=&#8221;off&#8221; button_one_border_radius__hover_enabled=&#8221;off&#8221; button_two_border_radius__hover_enabled=&#8221;off&#8221; button_letter_spacing__hover_enabled=&#8221;off&#8221; button_one_letter_spacing__hover_enabled=&#8221;off&#8221; button_two_letter_spacing__hover_enabled=&#8221;off&#8221; button_bg_color__hover_enabled=&#8221;off&#8221; button_one_bg_color__hover_enabled=&#8221;off&#8221; button_two_bg_color__hover_enabled=&#8221;off&#8221;][\/et_pb_contact_field][et_pb_contact_field field_id=&#8221;Commentaires_questions&#8221; field_title=&#8221;Commentaires\/Questions&#8221; field_type=&#8221;text&#8221; fullwidth_field=&#8221;on&#8221; _builder_version=&#8221;4.27.2&#8243; global_colors_info=&#8221;{}&#8221; button_text_size__hover_enabled=&#8221;off&#8221; button_one_text_size__hover_enabled=&#8221;off&#8221; button_two_text_size__hover_enabled=&#8221;off&#8221; button_text_color__hover_enabled=&#8221;off&#8221; button_one_text_color__hover_enabled=&#8221;off&#8221; button_two_text_color__hover_enabled=&#8221;off&#8221; button_border_width__hover_enabled=&#8221;off&#8221; button_one_border_width__hover_enabled=&#8221;off&#8221; button_two_border_width__hover_enabled=&#8221;off&#8221; button_border_color__hover_enabled=&#8221;off&#8221; button_one_border_color__hover_enabled=&#8221;off&#8221; button_two_border_color__hover_enabled=&#8221;off&#8221; button_border_radius__hover_enabled=&#8221;off&#8221; button_one_border_radius__hover_enabled=&#8221;off&#8221; button_two_border_radius__hover_enabled=&#8221;off&#8221; button_letter_spacing__hover_enabled=&#8221;off&#8221; button_one_letter_spacing__hover_enabled=&#8221;off&#8221; button_two_letter_spacing__hover_enabled=&#8221;off&#8221; button_bg_color__hover_enabled=&#8221;off&#8221; button_one_bg_color__hover_enabled=&#8221;off&#8221; button_two_bg_color__hover_enabled=&#8221;off&#8221;][\/et_pb_contact_field][\/et_pb_contact_form][et_pb_image src=&#8221;https:\/\/3dprintscanada.com\/wp-content\/uploads\/2023\/01\/BuyAchetonsVeteranCA_colour_White.png&#8221; alt=&#8221;Filament d&#8217;impression 3D \/ Achetons veteran. 3D Printing filament \/ Buy veteran&#8221; title_text=&#8221;BuyAchetonsVeteranCA_colour_White&#8221; _builder_version=&#8221;4.27.2&#8243; _module_preset=&#8221;default&#8221; custom_padding=&#8221;|100px|39px|100px|false|true&#8221; global_colors_info=&#8221;{}&#8221;][\/et_pb_image][et_pb_text _builder_version=&#8221;4.27.2&#8243; _module_preset=&#8221;default&#8221; global_colors_info=&#8221;{}&#8221;]<\/p>\n<h1>O\u00f9 nous trouver ?<\/h1>\n<p>[\/et_pb_text][\/et_pb_column][\/et_pb_row][et_pb_row column_structure=&#8221;1_4,1_4,1_4,1_4&#8243; _builder_version=&#8221;4.27.2&#8243; _module_preset=&#8221;default&#8221; width=&#8221;100%&#8221; max_width=&#8221;1300px&#8221; global_colors_info=&#8221;{}&#8221;][et_pb_column type=&#8221;1_4&#8243; _builder_version=&#8221;4.27.2&#8243; _module_preset=&#8221;default&#8221; global_colors_info=&#8221;{}&#8221;][et_pb_image src=&#8221;https:\/\/3dprintscanada.com\/wp-content\/uploads\/2024\/02\/3D-Prints-Canada-3D-Printer-filament-Impression-3D-Quebec-1.png&#8221; alt=&#8221;Logo 3D Prints Canada &#8211; Impression 3D Qu\u00e9bec. Leading supplier of 3D Printing filament in Canada! Fournisseur d&#8217;excellence pour le filament d&#8217;impression 3D au Canada!&#8221; title_text=&#8221;3D Prints Canada 3D Printer filament supplier-Impression 3D Qu\u00e9bec&#8221; _builder_version=&#8221;4.27.2&#8243; _module_preset=&#8221;default&#8221; global_colors_info=&#8221;{}&#8221;][\/et_pb_image][\/et_pb_column][et_pb_column type=&#8221;1_4&#8243; _builder_version=&#8221;4.27.2&#8243; _module_preset=&#8221;default&#8221; global_colors_info=&#8221;{}&#8221;][et_pb_text _builder_version=&#8221;4.27.2&#8243; _module_preset=&#8221;default&#8221; global_colors_info=&#8221;{}&#8221;]<\/p>\n<h4><strong>3D Prints Canada inc \u2013 Impression 3D Qu\u00e9bec (Laflamme Informatique)<\/strong><\/h4>\n<p><strong><span>23 rue sous-bois<\/span><br \/><span>Saint-Gabriel-de-Valcartier, QC<\/span><br \/><span>G0A 4S0<\/span><\/strong><\/p>\n<p>[\/et_pb_text][\/et_pb_column][et_pb_column type=&#8221;1_4&#8243; _builder_version=&#8221;4.27.2&#8243; _module_preset=&#8221;default&#8221; global_colors_info=&#8221;{}&#8221;][et_pb_text _builder_version=&#8221;4.27.2&#8243; _module_preset=&#8221;default&#8221; global_colors_info=&#8221;{}&#8221;]<\/p>\n<p>T\u00e9l\u00e9phone : <a href=\"tel:4185721756\">418-572-1756<\/a><\/p>\n<p>Contact : <a href=\"mailto:info@3dprintscanada.com\">info@3dprintscanada.com<\/a><\/p>\n<p>[\/et_pb_text][\/et_pb_column][et_pb_column type=&#8221;1_4&#8243; _builder_version=&#8221;4.27.2&#8243; _module_preset=&#8221;default&#8221; global_colors_info=&#8221;{}&#8221;][et_pb_text _builder_version=&#8221;4.27.2&#8243; _module_preset=&#8221;default&#8221; global_colors_info=&#8221;{}&#8221;]<\/p>\n<p><strong>Heures d&#8217;ouverture<\/strong><\/p>\n<p>Semaine : 9 h \u00e0 21 h<\/p>\n<p>Fin de semaine : 10 h \u00e0 17 h<\/p>\n<p>(Nous sommes souvent sur la route, rendez-vous sugg\u00e9r\u00e9 !)<\/p>\n<p>[\/et_pb_text][\/et_pb_column][\/et_pb_row][et_pb_row _builder_version=&#8221;4.27.2&#8243; _module_preset=&#8221;default&#8221; global_colors_info=&#8221;{}&#8221;][et_pb_column type=&#8221;4_4&#8243; _builder_version=&#8221;4.27.2&#8243; _module_preset=&#8221;default&#8221; global_colors_info=&#8221;{}&#8221;][et_pb_code _builder_version=&#8221;4.27.3&#8243; _module_preset=&#8221;default&#8221; global_colors_info=&#8221;{}&#8221;]<iframe src=\"https:\/\/www.google.com\/maps\/embed?pb=!1m18!1m12!1m3!1d2720.770753183986!2d-71.49323629999999!3d47.0054741!2m3!1f0!2f0!3f0!3m2!1i1024!2i768!4f13.1!3m3!1m2!1s0x4cc759aa901c4c51%3A0xb7abe5f403318a4!2s23%20Rue%20Sous-Bois%2C%20Saint-Gabriel-de-Valcartier%2C%20QC%20G0A%204S0!5e0!3m2!1sfr!2sca!4v1730494832685!5m2!1sfr!2sca\" width=\"1500\" height=\"400\" style=\"border:0;\" allowfullscreen=\"\" loading=\"lazy\" referrerpolicy=\"no-referrer-when-downgrade\"><\/iframe>[\/et_pb_code][\/et_pb_column][\/et_pb_row][\/et_pb_section]<\/p>\n","protected":false},"excerpt":{"rendered":"<p>Nous contacterO\u00f9 nous trouver ?3D Prints Canada inc \u2013 Impression 3D Qu\u00e9bec (Laflamme Informatique) 23 rue sous-boisSaint-Gabriel-de-Valcartier, QCG0A 4S0T\u00e9l\u00e9phone : 418-572-1756 Contact : info@3dprintscanada.comHeures d&#8217;ouverture Semaine : 9 h \u00e0 21 h Fin de semaine : 10 h \u00e0 17 h (Nous sommes souvent sur la route, rendez-vous sugg\u00e9r\u00e9 !)<\/p>","protected":false},"author":1,"featured_media":0,"parent":0,"menu_order":0,"comment_status":"closed","ping_status":"closed","template":"","meta":{"_et_pb_use_builder":"on","_et_pb_old_content":"<h1>Nous contacter<\/h1>\t\t\r\n\t\t[metform form_id=\"5557\"]\t\t\r\n\t\t\t\t\t\t\t\t\t\t\t\t\t<img width=\"960\" height=\"267\" src=\"https:\/\/3dprintscanada.com\/wp-content\/uploads\/2023\/01\/BuyAchetonsVeteranCA_colour_White-1024x285.png\" alt=\"filament d'impression 3D v\u00e9t\u00e9ran\" srcset=\"https:\/\/3dprintscanada.com\/wp-content\/uploads\/2023\/01\/BuyAchetonsVeteranCA_colour_White-1024x285.png 1024w, https:\/\/3dprintscanada.com\/wp-content\/uploads\/2023\/01\/BuyAchetonsVeteranCA_colour_White-90x25.png 90w, https:\/\/3dprintscanada.com\/wp-content\/uploads\/2023\/01\/BuyAchetonsVeteranCA_colour_White-600x167.png 600w, https:\/\/3dprintscanada.com\/wp-content\/uploads\/2023\/01\/BuyAchetonsVeteranCA_colour_White-64x18.png 64w, https:\/\/3dprintscanada.com\/wp-content\/uploads\/2023\/01\/BuyAchetonsVeteranCA_colour_White-300x83.png 300w, https:\/\/3dprintscanada.com\/wp-content\/uploads\/2023\/01\/BuyAchetonsVeteranCA_colour_White-768x213.png 768w, https:\/\/3dprintscanada.com\/wp-content\/uploads\/2023\/01\/BuyAchetonsVeteranCA_colour_White-1536x427.png 1536w, https:\/\/3dprintscanada.com\/wp-content\/uploads\/2023\/01\/BuyAchetonsVeteranCA_colour_White-2048x569.png 2048w, https:\/\/3dprintscanada.com\/wp-content\/uploads\/2023\/01\/BuyAchetonsVeteranCA_colour_White-18x5.png 18w\" sizes=\"(max-width: 960px) 100vw, 960px\" \/>\t\t\t\t\t\t\t\t\t\t\t\t\t\r\n\t\t\t<h2>O\u00f9 nous trouver\u00a0?<\/h2>\t\t\r\n\t\t\t\t\t\t\t\t\t\t\t\t\t\t<a href=\"https:\/\/3dprintscanada.com\">\r\n\t\t\t\t\t\t\t<img width=\"960\" height=\"209\" src=\"https:\/\/3dprintscanada.com\/wp-content\/uploads\/2023\/01\/3D-Prints-Canada-3D-Printer-filament-supplier-Impression-3D-Quebec-1024x223.png\" alt=\"\" srcset=\"https:\/\/3dprintscanada.com\/wp-content\/uploads\/2023\/01\/3D-Prints-Canada-3D-Printer-filament-supplier-Impression-3D-Quebec-1024x223.png 1024w, https:\/\/3dprintscanada.com\/wp-content\/uploads\/2023\/01\/3D-Prints-Canada-3D-Printer-filament-supplier-Impression-3D-Quebec-90x20.png 90w, https:\/\/3dprintscanada.com\/wp-content\/uploads\/2023\/01\/3D-Prints-Canada-3D-Printer-filament-supplier-Impression-3D-Quebec-600x131.png 600w, https:\/\/3dprintscanada.com\/wp-content\/uploads\/2023\/01\/3D-Prints-Canada-3D-Printer-filament-supplier-Impression-3D-Quebec-64x14.png 64w, https:\/\/3dprintscanada.com\/wp-content\/uploads\/2023\/01\/3D-Prints-Canada-3D-Printer-filament-supplier-Impression-3D-Quebec-300x65.png 300w, https:\/\/3dprintscanada.com\/wp-content\/uploads\/2023\/01\/3D-Prints-Canada-3D-Printer-filament-supplier-Impression-3D-Quebec-768x167.png 768w, https:\/\/3dprintscanada.com\/wp-content\/uploads\/2023\/01\/3D-Prints-Canada-3D-Printer-filament-supplier-Impression-3D-Quebec-1536x335.png 1536w, https:\/\/3dprintscanada.com\/wp-content\/uploads\/2023\/01\/3D-Prints-Canada-3D-Printer-filament-supplier-Impression-3D-Quebec-2048x446.png 2048w\" sizes=\"(max-width: 960px) 100vw, 960px\" \/>\t\t\t\t\t\t\t\t<\/a>\r\n\t\t<p><strong>3D Prints Canada inc - Impression 3D Qu\u00e9bec (Laflamme Informatique)<\/strong><\/p><address>23 rue sous-bois<br \/>Saint-Gabriel-de-Valcartier, QC<br \/>G0A 4S0<\/address><p><strong>T\u00e9l\u00e9phone: <\/strong><a href=\"tel:4185721756\" target=\"_blank\" rel=\"noopener\">418-572-1756<\/a><\/p><p><strong>Contact: <\/strong><a href=\"mailto:info@3dprintscanada.com\" target=\"_blank\" rel=\"noopener\">info@3dprintscanada.com<\/a><\/p><p><strong>Heures d'ouverture<\/strong><br>Semaine : 09:00 - 21:00<br>\u00a0Fin de semaine : 10:00 - 17:00<\/p><p>(Nous sommes souvent sur la route, Rendez-vous sugg\u00e9r\u00e9!)<\/p>\t\t\r\n\t\t\t<iframe loading=\"lazy\"\r\n\t\t\t\t\tsrc=\"https:\/\/maps.google.com\/maps?q=23%20rue%20sous-bois%20Saint-Gabriel-de-Valcartier%2C%20QC%20G0A%204S0&t=m&z=9&output=embed&iwloc=near\"\r\n\t\t\t\t\ttitle=\"23 rue sous-bois Saint-Gabriel-de-Valcartier, QC G0A 4S0\"\r\n\t\t\t\t\taria-label=\"23 rue sous-bois Saint-Gabriel-de-Valcartier, QC G0A 4S0\"\r\n\t\t\t><\/iframe>","_et_gb_content_width":"","footnotes":""},"class_list":["post-1985","page","type-page","status-publish","hentry"],"yoast_head":"<!-- This site is optimized with the Yoast SEO plugin v27.4 - https:\/\/yoast.com\/product\/yoast-seo-wordpress\/ -->\n<title>Contact - 3D PRINTS CANADA INC.<\/title>\n<meta name=\"description\" content=\"Pour nous contacter au sujet de l&#039;informatique ou de l&#039;impression 3D, vous \u00eates au bon endroit. Nous r\u00e9pondrons \u00e0 toutes vos questions.\" \/>\n<meta name=\"robots\" content=\"index, follow, max-snippet:-1, max-image-preview:large, max-video-preview:-1\" \/>\n<link rel=\"canonical\" href=\"https:\/\/3dprintscanada.com\/en\/contact\/\" \/>\n<meta property=\"og:locale\" content=\"en_US\" \/>\n<meta property=\"og:type\" content=\"article\" \/>\n<meta property=\"og:title\" content=\"Contact - 3D PRINTS CANADA INC.\" \/>\n<meta property=\"og:description\" content=\"Pour nous contacter au sujet de l&#039;informatique ou de l&#039;impression 3D, vous \u00eates au bon endroit. Nous r\u00e9pondrons \u00e0 toutes vos questions.\" \/>\n<meta property=\"og:url\" content=\"https:\/\/3dprintscanada.com\/en\/contact\/\" \/>\n<meta property=\"og:site_name\" content=\"3D PRINTS CANADA INC.\" \/>\n<meta property=\"article:modified_time\" content=\"2025-01-06T16:36:37+00:00\" \/>\n<meta name=\"twitter:card\" content=\"summary_large_image\" \/>\n<meta name=\"twitter:label1\" content=\"Est. reading time\" \/>\n\t<meta name=\"twitter:data1\" content=\"1 minute\" \/>\n<script type=\"application\/ld+json\" class=\"yoast-schema-graph\">{\"@context\":\"https:\\\/\\\/schema.org\",\"@graph\":[{\"@type\":\"WebPage\",\"@id\":\"https:\\\/\\\/3dprintscanada.com\\\/contact\\\/\",\"url\":\"https:\\\/\\\/3dprintscanada.com\\\/contact\\\/\",\"name\":\"Contact - 3D PRINTS CANADA INC.\",\"isPartOf\":{\"@id\":\"https:\\\/\\\/3dprintscanada.com\\\/#website\"},\"datePublished\":\"2021-10-06T13:28:19+00:00\",\"dateModified\":\"2025-01-06T16:36:37+00:00\",\"description\":\"Pour nous contacter au sujet de l'informatique ou de l'impression 3D, vous \u00eates au bon endroit. Nous r\u00e9pondrons \u00e0 toutes vos questions.\",\"breadcrumb\":{\"@id\":\"https:\\\/\\\/3dprintscanada.com\\\/contact\\\/#breadcrumb\"},\"inLanguage\":\"en-CA\",\"potentialAction\":[{\"@type\":\"ReadAction\",\"target\":[\"https:\\\/\\\/3dprintscanada.com\\\/contact\\\/\"]}]},{\"@type\":\"BreadcrumbList\",\"@id\":\"https:\\\/\\\/3dprintscanada.com\\\/contact\\\/#breadcrumb\",\"itemListElement\":[{\"@type\":\"ListItem\",\"position\":1,\"name\":\"Accueil\",\"item\":\"https:\\\/\\\/3dprintscanada.com\\\/\"},{\"@type\":\"ListItem\",\"position\":2,\"name\":\"Contact\"}]},{\"@type\":\"WebSite\",\"@id\":\"https:\\\/\\\/3dprintscanada.com\\\/#website\",\"url\":\"https:\\\/\\\/3dprintscanada.com\\\/\",\"name\":\"3D PRINTS CANADA INC.\",\"description\":\"\",\"potentialAction\":[{\"@type\":\"SearchAction\",\"target\":{\"@type\":\"EntryPoint\",\"urlTemplate\":\"https:\\\/\\\/3dprintscanada.com\\\/?s={search_term_string}\"},\"query-input\":{\"@type\":\"PropertyValueSpecification\",\"valueRequired\":true,\"valueName\":\"search_term_string\"}}],\"inLanguage\":\"en-CA\"}]}<\/script>\n<!-- \/ Yoast SEO plugin. -->","yoast_head_json":{"title":"Contact - 3D PRINTS CANADA INC.","description":"Pour nous contacter au sujet de l'informatique ou de l'impression 3D, vous \u00eates au bon endroit. Nous r\u00e9pondrons \u00e0 toutes vos questions.","robots":{"index":"index","follow":"follow","max-snippet":"max-snippet:-1","max-image-preview":"max-image-preview:large","max-video-preview":"max-video-preview:-1"},"canonical":"https:\/\/3dprintscanada.com\/en\/contact\/","og_locale":"en_US","og_type":"article","og_title":"Contact - 3D PRINTS CANADA INC.","og_description":"Pour nous contacter au sujet de l'informatique ou de l'impression 3D, vous \u00eates au bon endroit. Nous r\u00e9pondrons \u00e0 toutes vos questions.","og_url":"https:\/\/3dprintscanada.com\/en\/contact\/","og_site_name":"3D PRINTS CANADA INC.","article_modified_time":"2025-01-06T16:36:37+00:00","twitter_card":"summary_large_image","twitter_misc":{"Est. reading time":"1 minute"},"schema":{"@context":"https:\/\/schema.org","@graph":[{"@type":"WebPage","@id":"https:\/\/3dprintscanada.com\/contact\/","url":"https:\/\/3dprintscanada.com\/contact\/","name":"Contact - 3D PRINTS CANADA INC.","isPartOf":{"@id":"https:\/\/3dprintscanada.com\/#website"},"datePublished":"2021-10-06T13:28:19+00:00","dateModified":"2025-01-06T16:36:37+00:00","description":"Pour nous contacter au sujet de l'informatique ou de l'impression 3D, vous \u00eates au bon endroit. Nous r\u00e9pondrons \u00e0 toutes vos questions.","breadcrumb":{"@id":"https:\/\/3dprintscanada.com\/contact\/#breadcrumb"},"inLanguage":"en-CA","potentialAction":[{"@type":"ReadAction","target":["https:\/\/3dprintscanada.com\/contact\/"]}]},{"@type":"BreadcrumbList","@id":"https:\/\/3dprintscanada.com\/contact\/#breadcrumb","itemListElement":[{"@type":"ListItem","position":1,"name":"Accueil","item":"https:\/\/3dprintscanada.com\/"},{"@type":"ListItem","position":2,"name":"Contact"}]},{"@type":"WebSite","@id":"https:\/\/3dprintscanada.com\/#website","url":"https:\/\/3dprintscanada.com\/","name":"Impression 3D Qu\u00e9bec","description":"","potentialAction":[{"@type":"SearchAction","target":{"@type":"EntryPoint","urlTemplate":"https:\/\/3dprintscanada.com\/?s={search_term_string}"},"query-input":{"@type":"PropertyValueSpecification","valueRequired":true,"valueName":"search_term_string"}}],"inLanguage":"en-CA"}]}},"_links":{"self":[{"href":"https:\/\/3dprintscanada.com\/en\/wp-json\/wp\/v2\/pages\/1985","targetHints":{"allow":["GET"]}}],"collection":[{"href":"https:\/\/3dprintscanada.com\/en\/wp-json\/wp\/v2\/pages"}],"about":[{"href":"https:\/\/3dprintscanada.com\/en\/wp-json\/wp\/v2\/types\/page"}],"author":[{"embeddable":true,"href":"https:\/\/3dprintscanada.com\/en\/wp-json\/wp\/v2\/users\/1"}],"replies":[{"embeddable":true,"href":"https:\/\/3dprintscanada.com\/en\/wp-json\/wp\/v2\/comments?post=1985"}],"version-history":[{"count":13,"href":"https:\/\/3dprintscanada.com\/en\/wp-json\/wp\/v2\/pages\/1985\/revisions"}],"predecessor-version":[{"id":987505614,"href":"https:\/\/3dprintscanada.com\/en\/wp-json\/wp\/v2\/pages\/1985\/revisions\/987505614"}],"wp:attachment":[{"href":"https:\/\/3dprintscanada.com\/en\/wp-json\/wp\/v2\/media?parent=1985"}],"curies":[{"name":"wp","href":"https:\/\/api.w.org\/{rel}","templated":true}]}}